{"id":217,"date":"2013-07-13T03:16:02","date_gmt":"2013-07-13T03:16:02","guid":{"rendered":"http:\/\/antiquitesdeschambault.ca\/?page_id=217"},"modified":"2024-10-14T19:47:49","modified_gmt":"2024-10-14T19:47:49","slug":"accueil","status":"publish","type":"page","link":"https:\/\/antiquitesdeschambault.ca\/","title":{"rendered":"Accueil"},"content":{"rendered":"\n<div class=\"wp-block-media-text is-stacked-on-mobile has-large-font-size\" style=\"font-style:italic;font-weight:200;grid-template-columns:52% auto\"><figure class=\"wp-block-media-text__media\"><img loading=\"lazy\" decoding=\"async\" width=\"785\" height=\"523\" src=\"https:\/\/antiquitesdeschambault.ca\/wp-content\/uploads\/2024\/03\/291904873_410570587754322_4297711978527331975_n-785x523.jpg\" alt=\"\" class=\"wp-image-13812 size-full\" srcset=\"https:\/\/antiquitesdeschambault.ca\/wp-content\/uploads\/2024\/03\/291904873_410570587754322_4297711978527331975_n-785x523.jpg 785w, https:\/\/antiquitesdeschambault.ca\/wp-content\/uploads\/2024\/03\/291904873_410570587754322_4297711978527331975_n-781x521.jpg 781w, https:\/\/antiquitesdeschambault.ca\/wp-content\/uploads\/2024\/03\/291904873_410570587754322_4297711978527331975_n-500x333.jpg 500w, https:\/\/antiquitesdeschambault.ca\/wp-content\/uploads\/2024\/03\/291904873_410570587754322_4297711978527331975_n-1536x1024.jpg 1536w, https:\/\/antiquitesdeschambault.ca\/wp-content\/uploads\/2024\/03\/291904873_410570587754322_4297711978527331975_n-90x60.jpg 90w, https:\/\/antiquitesdeschambault.ca\/wp-content\/uploads\/2024\/03\/291904873_410570587754322_4297711978527331975_n-420x280.jpg 420w, https:\/\/antiquitesdeschambault.ca\/wp-content\/uploads\/2024\/03\/291904873_410570587754322_4297711978527331975_n.jpg 1669w\" sizes=\"auto, (max-width: 785px) 100vw, 785px\" \/><\/figure><div class=\"wp-block-media-text__content\">\n<p style=\"font-size:18px\">Ouvert le samedi et dimanche de 10h \u00e0 17h.<\/p>\n\n\n\n<p class=\"has-text-align-justify\" style=\"font-size:18px\">Sur rendez-vous la semaine!<\/p>\n<\/div><\/div>\n\n\n\n<p class=\"has-text-align-center\"><\/p>\n\n\n\n<h2 class=\"wp-block-heading has-text-align-center\">Menu<\/h2>\n\n\n<h1><a href=\"https:\/\/antiquitesdeschambault.ca\/?cat=4\"><img loading=\"lazy\" decoding=\"async\" class=\"alignnone wp-image-8758 \" src=\"https:\/\/antiquitesdeschambault.ca\/wp-content\/uploads\/2013\/07\/DSC04191.jpg\" alt=\"DSC04191\" width=\"335\" height=\"188\" srcset=\"https:\/\/antiquitesdeschambault.ca\/wp-content\/uploads\/2013\/07\/DSC04191.jpg 720w, https:\/\/antiquitesdeschambault.ca\/wp-content\/uploads\/2013\/07\/DSC04191-500x281.jpg 500w, https:\/\/antiquitesdeschambault.ca\/wp-content\/uploads\/2013\/07\/DSC04191-300x169.jpg 300w, https:\/\/antiquitesdeschambault.ca\/wp-content\/uploads\/2013\/07\/DSC04191-533x300.jpg 533w\" sizes=\"auto, (max-width: 335px) 100vw, 335px\" \/><\/a>\u00a0 \u00a0<a href=\"https:\/\/antiquitesdeschambault.ca\/?page_id=6157\"><img loading=\"lazy\" decoding=\"async\" class=\"alignnone wp-image-8759 \" src=\"https:\/\/antiquitesdeschambault.ca\/wp-content\/uploads\/2013\/07\/DSC02339-1.jpg\" alt=\"DSC02339\" width=\"335\" height=\"188\" srcset=\"https:\/\/antiquitesdeschambault.ca\/wp-content\/uploads\/2013\/07\/DSC02339-1.jpg 720w, https:\/\/antiquitesdeschambault.ca\/wp-content\/uploads\/2013\/07\/DSC02339-1-500x281.jpg 500w, https:\/\/antiquitesdeschambault.ca\/wp-content\/uploads\/2013\/07\/DSC02339-1-300x169.jpg 300w, https:\/\/antiquitesdeschambault.ca\/wp-content\/uploads\/2013\/07\/DSC02339-1-533x300.jpg 533w\" sizes=\"auto, (max-width: 335px) 100vw, 335px\" \/><\/a><\/h1>\n<h1><a href=\"https:\/\/antiquitesdeschambault.ca\/?cat=112\"><img loading=\"lazy\" decoding=\"async\" class=\"alignnone wp-image-8764 \" src=\"https:\/\/antiquitesdeschambault.ca\/wp-content\/uploads\/2013\/07\/DSC09846.jpg\" alt=\"DSC09846\" width=\"335\" height=\"188\" srcset=\"https:\/\/antiquitesdeschambault.ca\/wp-content\/uploads\/2013\/07\/DSC09846.jpg 720w, https:\/\/antiquitesdeschambault.ca\/wp-content\/uploads\/2013\/07\/DSC09846-500x281.jpg 500w, https:\/\/antiquitesdeschambault.ca\/wp-content\/uploads\/2013\/07\/DSC09846-300x169.jpg 300w, https:\/\/antiquitesdeschambault.ca\/wp-content\/uploads\/2013\/07\/DSC09846-533x300.jpg 533w\" sizes=\"auto, (max-width: 335px) 100vw, 335px\" \/><\/a>\u00a0 \u00a0<a href=\"https:\/\/antiquitesdeschambault.ca\/?cat=25\"><img loading=\"lazy\" decoding=\"async\" class=\"alignnone wp-image-10548\" src=\"https:\/\/antiquitesdeschambault.ca\/wp-content\/uploads\/2018\/03\/DSC04806-2-785x441.jpg\" alt=\"\" width=\"335\" height=\"188\" srcset=\"https:\/\/antiquitesdeschambault.ca\/wp-content\/uploads\/2018\/03\/DSC04806-2-785x441.jpg 785w, https:\/\/antiquitesdeschambault.ca\/wp-content\/uploads\/2018\/03\/DSC04806-2-500x281.jpg 500w, https:\/\/antiquitesdeschambault.ca\/wp-content\/uploads\/2018\/03\/DSC04806-2-534x300.jpg 534w\" sizes=\"auto, (max-width: 335px) 100vw, 335px\" \/><\/a><\/h1>\n<h1 style=\"text-align: center;\">\u00a0 \u00a0Inscription<\/h1>\n<h2 style=\"padding-left: 30px; text-align: left;\">Vous cherchez quelque chose en particulier, vous d\u00e9sirez recevoir nos nouveaut\u00e9s avant tout le monde et vous voulez \u00eatre au courant des activit\u00e9s de notre commerce, abonnez-vous via le formulaire ci-dessous:<\/h2>\n<h2 style=\"padding-left: 30px; text-align: left;\"><img loading=\"lazy\" decoding=\"async\" class=\"wp-image-10559 aligncenter\" src=\"https:\/\/antiquitesdeschambault.ca\/wp-content\/uploads\/2018\/03\/64b4cb38-3ca5-462b-9eeb-14cec3c69510_resized_20180315162131.jpg\" alt=\"\" width=\"191\" height=\"135\" srcset=\"https:\/\/antiquitesdeschambault.ca\/wp-content\/uploads\/2018\/03\/64b4cb38-3ca5-462b-9eeb-14cec3c69510_resized_20180315162131.jpg 456w, https:\/\/antiquitesdeschambault.ca\/wp-content\/uploads\/2018\/03\/64b4cb38-3ca5-462b-9eeb-14cec3c69510_resized_20180315162131-425x300.jpg 425w\" sizes=\"auto, (max-width: 191px) 100vw, 191px\" \/><\/h2>\n<p class=\"wpcf7-contact-form-not-found\"><strong>Erreur\u00a0:<\/strong> Formulaire de contact non trouv\u00e9\u00a0!<\/p>\n<h2 style=\"padding-left: 30px; text-align: left;\">\u00a0<\/h2>\n<p><!--more--><\/p>","protected":false},"excerpt":{"rendered":"<p>Ouvert le samedi et dimanche de 10h \u00e0 17h. Sur rendez-vous la semaine! Menu \u00a0 \u00a0 \u00a0 \u00a0 \u00a0 \u00a0Inscription Vous cherchez quelque chose en particulier, vous d\u00e9sirez recevoir nos nouveaut\u00e9s avant tout le monde et vous voulez \u00eatre au courant des activit\u00e9s de notre commerce, abonnez-vous via le formulaire ci-dessous: \u00a0<\/p>\n","protected":false},"author":1,"featured_media":0,"parent":0,"menu_order":0,"comment_status":"closed","ping_status":"closed","template":"","meta":{"footnotes":""},"class_list":["post-217","page","type-page","status-publish","hentry"],"jetpack_sharing_enabled":true,"_links":{"self":[{"href":"https:\/\/antiquitesdeschambault.ca\/index.php?rest_route=\/wp\/v2\/pages\/217","targetHints":{"allow":["GET"]}}],"collection":[{"href":"https:\/\/antiquitesdeschambault.ca\/index.php?rest_route=\/wp\/v2\/pages"}],"about":[{"href":"https:\/\/antiquitesdeschambault.ca\/index.php?rest_route=\/wp\/v2\/types\/page"}],"author":[{"embeddable":true,"href":"https:\/\/antiquitesdeschambault.ca\/index.php?rest_route=\/wp\/v2\/users\/1"}],"replies":[{"embeddable":true,"href":"https:\/\/antiquitesdeschambault.ca\/index.php?rest_route=%2Fwp%2Fv2%2Fcomments&post=217"}],"version-history":[{"count":48,"href":"https:\/\/antiquitesdeschambault.ca\/index.php?rest_route=\/wp\/v2\/pages\/217\/revisions"}],"predecessor-version":[{"id":13878,"href":"https:\/\/antiquitesdeschambault.ca\/index.php?rest_route=\/wp\/v2\/pages\/217\/revisions\/13878"}],"wp:attachment":[{"href":"https:\/\/antiquitesdeschambault.ca\/index.php?rest_route=%2Fwp%2Fv2%2Fmedia&parent=217"}],"curies":[{"name":"wp","href":"https:\/\/api.w.org\/{rel}","templated":true}]}}